{"id":3929,"date":"2025-05-29T15:24:13","date_gmt":"2025-05-29T19:24:13","guid":{"rendered":"https:\/\/isabellabeltrano.com\/about-us\/enseignements-dhermes\/"},"modified":"2025-08-19T08:15:29","modified_gmt":"2025-08-19T12:15:29","slug":"teachings-of-hermes","status":"publish","type":"page","link":"https:\/\/isabellabeltrano.com\/en\/about-us\/teachings-of-hermes\/","title":{"rendered":"Teachings of Hermes"},"content":{"rendered":"<p>Les Enseignements d\u2019Herm\u00e8s : Une Cl\u00e9 de Sagesse dans ma Transformation<\/p>\n<p data-start=\"297\" data-end=\"668\">Au c\u0153ur de ma transformation spirituelle, une voix ancienne et subtile s\u2019est pr\u00e9sent\u00e9e \u00e0 moi : celle d\u2019Herm\u00e8s Trism\u00e9giste. Porteur de la sagesse herm\u00e9tique, il incarne une connaissance intemporelle, un pont entre le ciel et la terre, entre le visible et l\u2019invisible. Ses enseignements, \u00e0 la fois simples et profonds, ont r\u00e9sonn\u00e9 dans mon \u00eatre comme une m\u00e9moire retrouv\u00e9e.<\/p>\n<p data-start=\"670\" data-end=\"1063\">\u00c0 travers les principes herm\u00e9tiques \u2014 tels que la loi de correspondance, de vibration, de polarit\u00e9, ou encore le mentalisme \u2014 j\u2019ai pu mieux comprendre les lois qui r\u00e9gissent l\u2019univers, la conscience et les cycles de la vie. Ces cl\u00e9s de compr\u00e9hension ont soutenu mon chemin d\u2019\u00e9veil, m\u2019aidant \u00e0 traverser les grandes m\u00e9tamorphoses de mon existence avec plus de clart\u00e9, de d\u00e9tachement et d\u2019amour.<\/p>\n<p data-start=\"1065\" data-end=\"1281\">Herm\u00e8s m\u2019a appris \u00e0 percevoir l\u2019unit\u00e9 derri\u00e8re les apparences, \u00e0 reconna\u00eetre que &#8220;ce qui est en haut est comme ce qui est en bas&#8221;, et que chaque \u00e9tape de la vie peut \u00eatre une alchimie int\u00e9rieure vers plus de lumi\u00e8re.<\/p>\n<p data-start=\"1283\" data-end=\"1479\">Ces enseignements, vivants en moi aujourd\u2019hui, ne sont pas des dogmes mais des vibrations. Ils m\u2019accompagnent dans mon quotidien, dans mes transmissions, et dans mon lien sacr\u00e9 avec le grand Tout.<\/p>\n","protected":false},"excerpt":{"rendered":"<p>Les Enseignements d\u2019Herm\u00e8s : Une Cl\u00e9 de Sagesse dans ma Transformation Au c\u0153ur de ma transformation spirituelle, une voix ancienne et subtile s\u2019est pr\u00e9sent\u00e9e \u00e0 moi : celle d\u2019Herm\u00e8s Trism\u00e9giste. Porteur de la sagesse herm\u00e9tique, il incarne une connaissance intemporelle, un pont entre le ciel et la terre, entre le visible et l\u2019invisible. Ses enseignements, <a href=\"https:\/\/isabellabeltrano.com\/en\/about-us\/teachings-of-hermes\/\" class=\"more-link\">&#8230;<span class=\"screen-reader-text\">  Teachings of Hermes<\/span><\/a><\/p>\n","protected":false},"author":1,"featured_media":0,"parent":3915,"menu_order":0,"comment_status":"closed","ping_status":"closed","template":"page-templates\/services-single.php","meta":{"_acf_changed":false,"footnotes":""},"class_list":["post-3929","page","type-page","status-publish","hentry"],"acf":[],"_links":{"self":[{"href":"https:\/\/isabellabeltrano.com\/en\/wp-json\/wp\/v2\/pages\/3929","targetHints":{"allow":["GET"]}}],"collection":[{"href":"https:\/\/isabellabeltrano.com\/en\/wp-json\/wp\/v2\/pages"}],"about":[{"href":"https:\/\/isabellabeltrano.com\/en\/wp-json\/wp\/v2\/types\/page"}],"author":[{"embeddable":true,"href":"https:\/\/isabellabeltrano.com\/en\/wp-json\/wp\/v2\/users\/1"}],"replies":[{"embeddable":true,"href":"https:\/\/isabellabeltrano.com\/en\/wp-json\/wp\/v2\/comments?post=3929"}],"version-history":[{"count":2,"href":"https:\/\/isabellabeltrano.com\/en\/wp-json\/wp\/v2\/pages\/3929\/revisions"}],"predecessor-version":[{"id":3932,"href":"https:\/\/isabellabeltrano.com\/en\/wp-json\/wp\/v2\/pages\/3929\/revisions\/3932"}],"up":[{"embeddable":true,"href":"https:\/\/isabellabeltrano.com\/en\/wp-json\/wp\/v2\/pages\/3915"}],"wp:attachment":[{"href":"https:\/\/isabellabeltrano.com\/en\/wp-json\/wp\/v2\/media?parent=3929"}],"curies":[{"name":"wp","href":"https:\/\/api.w.org\/{rel}","templated":true}]}}